{"id":23,"date":"2020-04-20T17:29:08","date_gmt":"2020-04-20T15:29:08","guid":{"rendered":"http:\/\/cwcontenuweb.com\/?page_id=23"},"modified":"2026-03-24T15:47:46","modified_gmt":"2026-03-24T14:47:46","slug":"reecriture","status":"publish","type":"page","link":"https:\/\/cwcontenuweb.com\/index.php\/reecriture\/","title":{"rendered":"Correction | Relecture | R\u00e9\u00e9criture"},"content":{"rendered":"\n<ul class=\"wp-block-list\">\n<li>Optimisation SEO<\/li>\n\n\n\n<li>Correction des fautes<\/li>\n\n\n\n<li>Am\u00e9lioration du style<\/li>\n\n\n\n<li>Suppression du contenu dupliqu\u00e9<\/li>\n\n\n\n<li>R\u00e9sum\u00e9<\/li>\n<\/ul>\n\n\n\n<div class=\"wp-block-buttons is-layout-flex wp-container-core-buttons-is-layout-a74382ec wp-block-buttons-is-layout-flex\">\n<div class=\"wp-block-button\"><a class=\"wp-block-button__link has-background wp-element-button\" href=\"https:\/\/cwcontenuweb.com\/index.php\/demande-de-relecture\/\" style=\"background:linear-gradient(348deg,rgb(255,245,203) 0%,rgb(182,227,212) 0%,rgb(51,167,181) 100%)\">D\u00e9posez votre document<\/a><\/div>\n<\/div>\n\n\n\n<p><\/p>\n\n\n\n<div class=\"wp-block-group\"><div class=\"wp-block-group__inner-container is-layout-flow wp-block-group-is-layout-flow\">\n<p class=\"has-very-light-gray-background-color has-background\">CW Copywriting et Contenu web vous propose un service de r\u00e9\u00e9criture de vos propres contenus ou de textes \u00e0 adapter \u00e0 l\u2019identit\u00e9 de votre site et de votre entreprise. Commandez du contenu unique pour vos pages, blogs et catalogues&nbsp;!<\/p>\n\n\n\n<h2 class=\"wp-block-heading\">Le rewriting contre le duplicate content<\/h2>\n\n\n\n<p class=\"has-very-light-gray-background-color has-background\">Le contenu dupliqu\u00e9 nuit au bon r\u00e9f\u00e9rencement de votre site, mais aussi \u00e0 sa vocation informative et \u00e0 son attractivit\u00e9 pour les internautes. Nous vous proposons de reprendre vos textes afin de vous fournir du contenu unique. Nos productions sont syst\u00e9matiquement v\u00e9rifi\u00e9es \u00e0 l\u2019aide d\u2019un outil de d\u00e9tection du plagiat avant de vous \u00eatre rendues. Nous pouvons conserver le contenu informatif de vos articles, fiches et pages tout en le reformulant de mani\u00e8re in\u00e9dite.<\/p>\n\n\n\n<h2 class=\"wp-block-heading\">R\u00e9\u00e9criture de contenu web et optimisation SEO<\/h2>\n\n\n\n<p class=\"has-very-light-gray-background-color has-background\">La r\u00e9\u00e9criture est aussi un moyen d\u2019am\u00e9liorer le r\u00e9f\u00e9rencement de vos pages et sites, gr\u00e2ce \u00e0 l\u2019int\u00e9gration de mots-clefs et de liens de maillage interne, et \u00e0 la mise en place d\u2019une structure pertinente avec meta Description, titres et sous-titres. CW Copywriting vous propose un service d\u2019optimisation SEO de vos contenus, par la r\u00e9\u00e9criture de vos textes existants avec int\u00e9gration de mots cl\u00e9s dans les proportions id\u00e9ales pour offrir \u00e0 votre site la meilleure visibilit\u00e9 sur les moteurs de recherche. Nous ma\u00eetrisons les techniques qui nous permettent d\u2019optimiser vos textes sans nuire \u00e0 leur fluidit\u00e9, \u00e0 leur style, ni \u00e0 leurs qualit\u00e9s informatives.<\/p>\n\n\n\n<h2 class=\"wp-block-heading\">Am\u00e9lioration du contenu par la r\u00e9\u00e9criture<\/h2>\n\n\n\n<p class=\"has-very-light-gray-background-color has-background\">CW Copywriting effectue pour vous un travail de v\u00e9rification et de recherche afin de r\u00e9\u00e9crire vos textes au contenu informatif insuffisant ou de reprendre votre contenu erron\u00e9. Il peut s\u2019agir d\u2019actualiser un article, de mettre \u00e0 jour une pr\u00e9sentation ou de compl\u00e9ter une description de cat\u00e9gorie. Il peut s\u2019agir aussi de retravailler votre contenu existant dans une approche plus marketing, afin de s\u00e9duire les utilisateurs et d\u2019augmenter le taux de conversion de votre site. Nous pouvons ainsi rendre vos textes plus attrayants et les enrichir au besoin de \u00ab&nbsp;call to action&nbsp;\u00bb.<\/p>\n\n\n\n<h2 class=\"wp-block-heading\">Relecture et correction<\/h2>\n\n\n\n<p class=\"has-very-light-gray-background-color has-background\">CW Copywriting vous propose enfin une prestation de relecture et de correction professionnelle&nbsp;: la r\u00e9\u00e9criture de vos contenus est alors faite dans une recherche de qualit\u00e9 de style et d\u2019irr\u00e9prochabilit\u00e9 de la langue. Nous mettons \u00e0 votre service notre grande exp\u00e9rience dans le domaine, appuy\u00e9e par la formation au m\u00e9tier de correcteur du CEC (Centre d\u2019\u00c9criture et de Communication) de Paris-Monge. Nous corrigeons et r\u00e9\u00e9crivons vos textes pour en fluidifier le style et en supprimer les fautes. Un contenu \u00e0 l\u2019orthographe et \u00e0 la syntaxe irr\u00e9prochables est pour votre support de communication un v\u00e9ritable atout&nbsp;: vos textes doivent inspirer \u00e0 leurs lecteurs la confiance, \u00e0 travers une impression de professionnalisme.<\/p>\n<\/div><\/div>\n\n\n\n<div class=\"wp-block-buttons is-layout-flex wp-container-core-buttons-is-layout-a74382ec wp-block-buttons-is-layout-flex\">\n<div class=\"wp-block-button\"><a class=\"wp-block-button__link has-background wp-element-button\" href=\"https:\/\/cwcontenuweb.com\/index.php\/demande-de-relecture\/\" style=\"background:linear-gradient(348deg,rgb(255,245,203) 0%,rgb(182,227,212) 0%,rgb(51,167,181) 100%)\">D\u00e9posez votre document<\/a><\/div>\n<\/div>\n","protected":false},"excerpt":{"rendered":"<p>CW Copywriting et Contenu web vous propose un service de r\u00e9\u00e9criture de vos propres contenus ou de textes \u00e0 adapter \u00e0 l\u2019identit\u00e9 de votre site et de votre entreprise. Commandez du contenu unique pour vos pages, blogs et catalogues&nbsp;! Le rewriting contre le duplicate content Le contenu dupliqu\u00e9 nuit au bon r\u00e9f\u00e9rencement de votre site, &hellip; <\/p>\n<p class=\"link-more\"><a href=\"https:\/\/cwcontenuweb.com\/index.php\/reecriture\/\" class=\"more-link\">Continuer la lecture<span class=\"screen-reader-text\"> de &laquo;&nbsp;Correction | Relecture | R\u00e9\u00e9criture&nbsp;&raquo;<\/span><\/a><\/p>\n","protected":false},"author":1,"featured_media":0,"parent":0,"menu_order":2,"comment_status":"closed","ping_status":"closed","template":"","meta":{"footnotes":""},"class_list":["post-23","page","type-page","status-publish","hentry"],"_links":{"self":[{"href":"https:\/\/cwcontenuweb.com\/index.php\/wp-json\/wp\/v2\/pages\/23","targetHints":{"allow":["GET"]}}],"collection":[{"href":"https:\/\/cwcontenuweb.com\/index.php\/wp-json\/wp\/v2\/pages"}],"about":[{"href":"https:\/\/cwcontenuweb.com\/index.php\/wp-json\/wp\/v2\/types\/page"}],"author":[{"embeddable":true,"href":"https:\/\/cwcontenuweb.com\/index.php\/wp-json\/wp\/v2\/users\/1"}],"replies":[{"embeddable":true,"href":"https:\/\/cwcontenuweb.com\/index.php\/wp-json\/wp\/v2\/comments?post=23"}],"version-history":[{"count":11,"href":"https:\/\/cwcontenuweb.com\/index.php\/wp-json\/wp\/v2\/pages\/23\/revisions"}],"predecessor-version":[{"id":145,"href":"https:\/\/cwcontenuweb.com\/index.php\/wp-json\/wp\/v2\/pages\/23\/revisions\/145"}],"wp:attachment":[{"href":"https:\/\/cwcontenuweb.com\/index.php\/wp-json\/wp\/v2\/media?parent=23"}],"curies":[{"name":"wp","href":"https:\/\/api.w.org\/{rel}","templated":true}]}}