{"id":185,"date":"2026-04-08T15:13:36","date_gmt":"2026-04-08T13:13:36","guid":{"rendered":"https:\/\/cwcontenuweb.com\/?page_id=185"},"modified":"2026-04-08T15:18:50","modified_gmt":"2026-04-08T13:18:50","slug":"post-edition-ia-2","status":"publish","type":"page","link":"https:\/\/cwcontenuweb.com\/index.php\/post-edition-ia-2\/","title":{"rendered":"Post-\u00e9dition IA"},"content":{"rendered":"\n<h2 class=\"wp-block-heading\">Post-\u00e9dition IA : fiabilisez et optimisez les contenus g\u00e9n\u00e9r\u00e9s par IA<\/h2>\n\n\n\n<p>Lorsque vous utilisez des <strong>outils <\/strong>comme Claude, ChatGPT, Jasper, Copy.ai ou Gemini pour produire vos contenus, vous gagnez du temps sur la r\u00e9daction initiale. Les textes obtenus restent cependant approximatifs, g\u00e9n\u00e9riques ou mal align\u00e9s avec vos objectifs SEO.<\/p>\n\n\n\n<p>La post-\u00e9dition permet de transformer ces contenus en<strong> supports fiables<\/strong>, lisibles et r\u00e9ellement performants.<\/p>\n\n\n\n<h2 class=\"wp-block-heading\">Pourquoi vos contenus IA ne sont pas suffisants&nbsp;?<\/h2>\n\n\n\n<p>Les textes g\u00e9n\u00e9r\u00e9s par intelligence artificielle donnent une impression globale de coh\u00e9rence et de qualit\u00e9 r\u00e9dactionnelle correcte. Mais dans le d\u00e9tail, plusieurs limites peuvent porter pr\u00e9judice \u00e0 <strong>votre visibilit\u00e9<\/strong>&nbsp;et \u00e0 vos objectifs de conversion :<\/p>\n\n\n\n<ul class=\"wp-block-list\">\n<li>Des informations non-v\u00e9rifi\u00e9es, parfois fausses<\/li>\n\n\n\n<li>Des impr\u00e9cisions s\u00e9mantiques<\/li>\n\n\n\n<li>Une structure pas suffisamment hi\u00e9rarchis\u00e9e<\/li>\n\n\n\n<li>Un contenu r\u00e9p\u00e9titif<\/li>\n\n\n\n<li>Des r\u00e9ponses partielles aux intentions de recherche<\/li>\n\n\n\n<li>Un style sans identit\u00e9 \u00e9ditoriale<\/li>\n<\/ul>\n\n\n\n<p>Des limites qui peuvent nuire au <strong>positionnement de vos pages<\/strong> dans ls r\u00e9sultats de Google, mais aussi \u00e0 la cr\u00e9dibilit\u00e9 de votre marque.<\/p>\n\n\n\n<h2 class=\"wp-block-heading\">Que comprend mon service de post-\u00e9dition IA&nbsp;?<\/h2>\n\n\n\n<p>Qu\u2019il s\u2019agisse de landing pages, de fiches produits ou d\u2019articles de blog, vos textes sont repris ligne par ligne \u00e0 plusieurs fins&nbsp;:<\/p>\n\n\n\n<ul class=\"wp-block-list\">\n<li>La <strong>v\u00e9rification <\/strong>et la correction \u00e9ventuelle des informations<\/li>\n<\/ul>\n\n\n\n<p>Je contr\u00f4le les donn\u00e9es et les sources, corrige les incoh\u00e9rences et supprime les approximations.<\/p>\n\n\n\n<ul class=\"wp-block-list\">\n<li>La <strong>r\u00e9\u00e9criture<\/strong> cibl\u00e9e<\/li>\n<\/ul>\n\n\n\n<p>Je reformule les tournures st\u00e9r\u00e9otyp\u00e9es, les structures r\u00e9p\u00e9titives et les clich\u00e9s r\u00e9dactionnels propres \u00e0 l\u2019IA.<\/p>\n\n\n\n<ul class=\"wp-block-list\">\n<li>L\u2019optimisation <strong>SEO<\/strong><\/li>\n<\/ul>\n\n\n\n<p>J\u2019ajuste la structure, les titres de diff\u00e9rents niveaux et le champ lexical (mots-cl\u00e9s) pour correspondre aux intentions de recherche et ainsi optimiser votre texte pour le r\u00e9f\u00e9rencement.<\/p>\n\n\n\n<ul class=\"wp-block-list\">\n<li>L\u2019am\u00e9lioration de la <strong>lisibilit\u00e9 <\/strong>g\u00e9n\u00e9rale<\/li>\n<\/ul>\n\n\n\n<p>Dans une optique d\u2019am\u00e9lioration de l\u2019UX, je raccourcis ou harmonise les phrases au besoin, je varie les verbes et supprime les r\u00e9p\u00e9titions.<\/p>\n\n\n\n<ul class=\"wp-block-list\">\n<li>La personnalisation et le <strong>branding<\/strong><\/li>\n<\/ul>\n\n\n\n<p>J\u2019adapte le niveau de langue et la terminologie \u00e0 votre ligne \u00e9ditoriale, votre secteur et votre image de marque.<\/p>\n\n\n\n<h2 class=\"wp-block-heading\">\u00c0 qui s\u2019adresse ce service&nbsp;?<\/h2>\n\n\n\n<p>La post-\u00e9dition IA concerne&nbsp;:<\/p>\n\n\n\n<ul class=\"wp-block-list\">\n<li>Les agences SEO qui produisent des contenus \u00e0 <strong>volume \u00e9lev\u00e9<\/strong><\/li>\n\n\n\n<li>Les <strong>entreprises <\/strong>qui utilisent l\u2019IA en interne (livres blancs, contenu web)<\/li>\n\n\n\n<li>Les sites e-commerce avec des <strong>fiches produits et pages cat\u00e9gories<\/strong> g\u00e9n\u00e9r\u00e9es automatiquement<\/li>\n\n\n\n<li>Les m\u00e9dias et <strong>blogs <\/strong>aliment\u00e9s par des contenus IA (articles, mais aussi transcriptions automatiques des <strong>scripts de vid\u00e9o<\/strong> et de podcast)<\/li>\n<\/ul>\n\n\n\n<h2 class=\"wp-block-heading\">Un contenu IA \u00e0 corriger ou optimiser&nbsp;?<\/h2>\n\n\n\n<p>Adressez votre texte ou un extrait \u00e0 cwcontenuweb@gmail.com<\/p>\n\n\n\n<p>Je vous r\u00e9ponds avec une proposition claire&nbsp;!<\/p>\n","protected":false},"excerpt":{"rendered":"<p>Post-\u00e9dition IA : fiabilisez et optimisez les contenus g\u00e9n\u00e9r\u00e9s par IA Lorsque vous utilisez des outils comme Claude, ChatGPT, Jasper, Copy.ai ou Gemini pour produire vos contenus, vous gagnez du temps sur la r\u00e9daction initiale. Les textes obtenus restent cependant approximatifs, g\u00e9n\u00e9riques ou mal align\u00e9s avec vos objectifs SEO. La post-\u00e9dition permet de transformer ces &hellip; <\/p>\n<p class=\"link-more\"><a href=\"https:\/\/cwcontenuweb.com\/index.php\/post-edition-ia-2\/\" class=\"more-link\">Continuer la lecture<span class=\"screen-reader-text\"> de &laquo;&nbsp;Post-\u00e9dition IA&nbsp;&raquo;<\/span><\/a><\/p>\n","protected":false},"author":1,"featured_media":0,"parent":0,"menu_order":0,"comment_status":"closed","ping_status":"closed","template":"","meta":{"footnotes":""},"class_list":["post-185","page","type-page","status-publish","hentry"],"_links":{"self":[{"href":"https:\/\/cwcontenuweb.com\/index.php\/wp-json\/wp\/v2\/pages\/185","targetHints":{"allow":["GET"]}}],"collection":[{"href":"https:\/\/cwcontenuweb.com\/index.php\/wp-json\/wp\/v2\/pages"}],"about":[{"href":"https:\/\/cwcontenuweb.com\/index.php\/wp-json\/wp\/v2\/types\/page"}],"author":[{"embeddable":true,"href":"https:\/\/cwcontenuweb.com\/index.php\/wp-json\/wp\/v2\/users\/1"}],"replies":[{"embeddable":true,"href":"https:\/\/cwcontenuweb.com\/index.php\/wp-json\/wp\/v2\/comments?post=185"}],"version-history":[{"count":3,"href":"https:\/\/cwcontenuweb.com\/index.php\/wp-json\/wp\/v2\/pages\/185\/revisions"}],"predecessor-version":[{"id":192,"href":"https:\/\/cwcontenuweb.com\/index.php\/wp-json\/wp\/v2\/pages\/185\/revisions\/192"}],"wp:attachment":[{"href":"https:\/\/cwcontenuweb.com\/index.php\/wp-json\/wp\/v2\/media?parent=185"}],"curies":[{"name":"wp","href":"https:\/\/api.w.org\/{rel}","templated":true}]}}