{"id":12,"date":"2020-04-20T16:54:23","date_gmt":"2020-04-20T14:54:23","guid":{"rendered":"http:\/\/cwcontenuweb.com\/?page_id=12"},"modified":"2026-03-24T15:46:52","modified_gmt":"2026-03-24T14:46:52","slug":"service-de-redaction-et-de-reecriture","status":"publish","type":"page","link":"https:\/\/cwcontenuweb.com\/","title":{"rendered":"Service de r\u00e9daction, de correction et de r\u00e9\u00e9criture"},"content":{"rendered":"\n<div id=\"home\" class=\"wp-block-group has-very-light-gray-background-color has-background\"><div class=\"wp-block-group__inner-container is-layout-flow wp-block-group-is-layout-flow\">\n<p>CW Copywriting et contenu web vous propose des textes de haute qualit\u00e9 pour vos sites web et plaquettes. Vitrine de votre entreprise, votre site doit pouvoir offrir \u00e0 travers son contenu une exp\u00e9rience utilisateur fluide. Faites confiance \u00e0 CW pour r\u00e9diger votre home page, vos descriptions de cat\u00e9gorie et vos fiches produits.<\/p>\n\n\n\n<p>Demandez un devis gratuit pour vos missions de <a href=\"http:\/\/cwcontenuweb.com\/index.php\/redaction\/\">r\u00e9daction <\/a>ou de <a href=\"http:\/\/cwcontenuweb.com\/index.php\/reecriture\/\">r\u00e9\u00e9criture<\/a> dans un fran\u00e7ais irr\u00e9prochable, dans le respect de votre charte \u00e9ditoriale et dans les meilleurs d\u00e9lais.<\/p>\n\n\n\n<p>Sp\u00e9cialistes de la r\u00e9daction web, nous collaborons avec les d\u00e9veloppeurs ou avec les professionnels g\u00e9rant eux-m\u00eames leur site, pour fournir du contenu optimis\u00e9 SEO, balis\u00e9 au besoin pour une int\u00e9gration facile.<\/p>\n\n\n\n<p>Avec CW Copywriting, vous avez l\u2019assurance d\u2019un contenu unique et non dupliqu\u00e9, pour un meilleur r\u00e9f\u00e9rencement de vos pages.<\/p>\n<\/div><\/div>\n\n\n\n<div class=\"wp-block-buttons is-layout-flex wp-container-core-buttons-is-layout-a74382ec wp-block-buttons-is-layout-flex\">\n<div class=\"wp-block-button\"><a class=\"wp-block-button__link has-background wp-element-button\" href=\"https:\/\/cwcontenuweb.com\/index.php\/demande-de-relecture\/\" style=\"background:linear-gradient(348deg,rgb(255,245,203) 0%,rgb(182,227,212) 0%,rgb(51,167,181) 100%)\">D\u00e9posez votre document \u00e0 corriger<\/a><\/div>\n<\/div>\n","protected":false},"excerpt":{"rendered":"<p>CW Copywriting et contenu web vous propose des textes de haute qualit\u00e9 pour vos sites web et plaquettes. Vitrine de votre entreprise, votre site doit pouvoir offrir \u00e0 travers son contenu une exp\u00e9rience utilisateur fluide. Faites confiance \u00e0 CW pour r\u00e9diger votre home page, vos descriptions de cat\u00e9gorie et vos fiches produits. Demandez un devis &hellip; <\/p>\n<p class=\"link-more\"><a href=\"https:\/\/cwcontenuweb.com\/\" class=\"more-link\">Continuer la lecture<span class=\"screen-reader-text\"> de &laquo;&nbsp;Service de r\u00e9daction, de correction et de r\u00e9\u00e9criture&nbsp;&raquo;<\/span><\/a><\/p>\n","protected":false},"author":1,"featured_media":0,"parent":0,"menu_order":0,"comment_status":"closed","ping_status":"closed","template":"","meta":{"footnotes":""},"class_list":["post-12","page","type-page","status-publish","hentry"],"_links":{"self":[{"href":"https:\/\/cwcontenuweb.com\/index.php\/wp-json\/wp\/v2\/pages\/12","targetHints":{"allow":["GET"]}}],"collection":[{"href":"https:\/\/cwcontenuweb.com\/index.php\/wp-json\/wp\/v2\/pages"}],"about":[{"href":"https:\/\/cwcontenuweb.com\/index.php\/wp-json\/wp\/v2\/types\/page"}],"author":[{"embeddable":true,"href":"https:\/\/cwcontenuweb.com\/index.php\/wp-json\/wp\/v2\/users\/1"}],"replies":[{"embeddable":true,"href":"https:\/\/cwcontenuweb.com\/index.php\/wp-json\/wp\/v2\/comments?post=12"}],"version-history":[{"count":6,"href":"https:\/\/cwcontenuweb.com\/index.php\/wp-json\/wp\/v2\/pages\/12\/revisions"}],"predecessor-version":[{"id":144,"href":"https:\/\/cwcontenuweb.com\/index.php\/wp-json\/wp\/v2\/pages\/12\/revisions\/144"}],"wp:attachment":[{"href":"https:\/\/cwcontenuweb.com\/index.php\/wp-json\/wp\/v2\/media?parent=12"}],"curies":[{"name":"wp","href":"https:\/\/api.w.org\/{rel}","templated":true}]}}